{"id":2154,"date":"2023-03-09T23:36:56","date_gmt":"2023-03-09T22:36:56","guid":{"rendered":"https:\/\/www.bottaro.info\/o-nama\/"},"modified":"2023-03-09T23:36:57","modified_gmt":"2023-03-09T22:36:57","slug":"o-nama","status":"publish","type":"page","link":"https:\/\/www.bottaro.info\/hr\/o-nama\/","title":{"rendered":"O nama"},"content":{"rendered":"<p>[et_pb_section fb_built=&#8221;1&#8243; fullwidth=&#8221;on&#8221; admin_label=&#8221;Page Header&#8221; _builder_version=&#8221;4.19.5&#8243; background_image=&#8221;https:\/\/www.bottaro.info\/wp-content\/uploads\/2020\/03\/Drohne_Tramonto-01-B.jpg&#8221; global_module=&#8221;586&#8243; saved_tabs=&#8221;all&#8221; locked=&#8221;off&#8221; collapsed=&#8221;off&#8221; global_colors_info=&#8221;{}&#8221;][et_pb_fullwidth_header text_orientation=&#8221;center&#8221; button_one_url=&#8221;#&#8221; button_two_url=&#8221;#&#8221; disabled_on=&#8221;off|on|off&#8221; admin_label=&#8221;Hero Section&#8221; _builder_version=&#8221;4.16&#8243; title_font=&#8221;Montserrat|on|||&#8221; title_font_size=&#8221;60px&#8221; title_line_height=&#8221;1.4em&#8221; content_font_size=&#8221;22px&#8221; content_line_height=&#8221;1.8em&#8221; subhead_font=&#8221;||||&#8221; background_color=&#8221;rgba(255,255,255,0)&#8221; custom_button_one=&#8221;on&#8221; button_one_text_size=&#8221;12px&#8221; button_one_border_width=&#8221;2px&#8221; button_one_border_color=&#8221;#6eba01&#8243; button_one_border_radius=&#8221;0&#8243; button_one_letter_spacing=&#8221;0px&#8221; button_one_font=&#8221;Montserrat|||on|&#8221; button_one_use_icon=&#8221;off&#8221; button_one_custom_margin=&#8221;80px||||false|false&#8221; custom_button_two=&#8221;on&#8221; button_two_text_size=&#8221;16px&#8221; button_two_border_width=&#8221;2px&#8221; button_two_border_color=&#8221;#ffffff&#8221; button_two_border_radius=&#8221;0&#8243; button_two_letter_spacing=&#8221;2&#8243; button_two_font=&#8221;Montserrat|||on|&#8221; button_two_use_icon=&#8221;off&#8221; module_alignment=&#8221;left&#8221; min_height=&#8221;406px&#8221; custom_margin=&#8221;|||&#8221; custom_padding=&#8221;38px||369px|||&#8221; animation_style=&#8221;fade&#8221; button_one_text_color_hover=&#8221;#6eba01&#8243; button_two_text_color_hover=&#8221;#6eba01&#8243; button_one_border_color_hover=&#8221;#ffffff&#8221; button_two_border_color_hover=&#8221;#ffffff&#8221; button_one_border_radius_hover=&#8221;0&#8243; button_two_border_radius_hover=&#8221;0&#8243; button_one_letter_spacing_hover=&#8221;2&#8243; button_two_letter_spacing_hover=&#8221;2&#8243; button_one_bg_color_hover=&#8221;#ffffff&#8221; button_two_bg_color_hover=&#8221;#ffffff&#8221; locked=&#8221;off&#8221; global_colors_info=&#8221;{}&#8221; button_one_text_size__hover_enabled=&#8221;off&#8221; button_two_text_size__hover_enabled=&#8221;off&#8221; button_one_text_color__hover_enabled=&#8221;on&#8221; button_one_text_color__hover=&#8221;#6eba01&#8243; button_two_text_color__hover_enabled=&#8221;on&#8221; button_two_text_color__hover=&#8221;#6eba01&#8243; button_one_border_width__hover_enabled=&#8221;off&#8221; button_two_border_width__hover_enabled=&#8221;off&#8221; button_one_border_color__hover_enabled=&#8221;on&#8221; button_one_border_color__hover=&#8221;#ffffff&#8221; button_two_border_color__hover_enabled=&#8221;on&#8221; button_two_border_color__hover=&#8221;#ffffff&#8221; button_one_border_radius__hover_enabled=&#8221;on&#8221; button_one_border_radius__hover=&#8221;0&#8243; button_two_border_radius__hover_enabled=&#8221;on&#8221; button_two_border_radius__hover=&#8221;0&#8243; button_one_letter_spacing__hover_enabled=&#8221;on&#8221; button_one_letter_spacing__hover=&#8221;2&#8243; button_two_letter_spacing__hover_enabled=&#8221;on&#8221; button_two_letter_spacing__hover=&#8221;2&#8243; button_one_bg_color__hover_enabled=&#8221;on&#8221; button_one_bg_color__hover=&#8221;#ffffff&#8221; button_two_bg_color__hover_enabled=&#8221;on&#8221; button_two_bg_color__hover=&#8221;#ffffff&#8221;][\/et_pb_fullwidth_header][\/et_pb_section][et_pb_section fb_built=&#8221;1&#8243; _builder_version=&#8221;4.16&#8243; background_color=&#8221;#1fd7e0&#8243; background_enable_image=&#8221;off&#8221; min_height=&#8221;367px&#8221; custom_padding=&#8221;0px||27px|||&#8221; collapsed=&#8221;off&#8221; global_colors_info=&#8221;{}&#8221;][et_pb_row column_structure=&#8221;2_5,3_5&#8243; _builder_version=&#8221;4.16&#8243; custom_padding=&#8221;23px|||||&#8221; collapsed=&#8221;off&#8221; global_colors_info=&#8221;{}&#8221;][et_pb_column type=&#8221;2_5&#8243; _builder_version=&#8221;4.16&#8243; global_colors_info=&#8221;{}&#8221;][et_pb_text admin_label=&#8221;Contatto&#8221; _builder_version=&#8221;4.16&#8243; global_colors_info=&#8221;{}&#8221;][\/et_pb_text][et_pb_image src=&#8221;https:\/\/www.bottaro.info\/wp-content\/uploads\/2020\/03\/Unbenannt-1.png&#8221; _builder_version=&#8221;4.16&#8243; global_colors_info=&#8221;{}&#8221;][\/et_pb_image][et_pb_text admin_label=&#8221;Info&#8221; _builder_version=&#8221;4.16&#8243; custom_margin=&#8221;|||30px|false|false&#8221; global_colors_info=&#8221;{}&#8221;]<\/p>\n<p><strong style=\"color: #333333; font-size: 26px;\">Adresse<\/strong><\/p>\n<h2>Bottaro Production<br \/>Bottaro GmbH &amp; Co KG<br \/>Seeuferstrasse 87<br \/>9520 ANNENHEIM<br \/>AUSTRIA<\/h2>\n<p>[\/et_pb_text][et_pb_text admin_label=&#8221;Mail&#8221; _builder_version=&#8221;4.16&#8243; custom_margin=&#8221;|||30px|false|false&#8221; global_colors_info=&#8221;{}&#8221;]<\/p>\n<h2><strong>E-Mail <\/strong><\/h2>\n<h2>info@bottaro.com<\/h2>\n<p>[\/et_pb_text][\/et_pb_column][et_pb_column type=&#8221;3_5&#8243; _builder_version=&#8221;4.16&#8243; global_colors_info=&#8221;{}&#8221;][et_pb_text admin_label=&#8221;Web&#8221; _builder_version=&#8221;4.16&#8243; custom_margin=&#8221;||-30px||false|false&#8221; global_colors_info=&#8221;{}&#8221;]<\/p>\n<h1 style=\"text-align: left;\"><span style=\"color: #990000;\"><strong><span style=\"color: #99 0000;\">O NAMA<\/span><\/strong><\/span><\/h1>\n<p>&nbsp;<\/p>\n<h2> <\/h2>\n<p>[\/et_pb_text][et_pb_text admin_label=&#8221;Web&#8221; _builder_version=&#8221;4.16&#8243; custom_margin=&#8221;||-30px||false|false&#8221; global_colors_info=&#8221;{}&#8221;]<\/p>\n<p>&nbsp;<\/p>\n<p>&nbsp;<\/p>\n<h2> <\/h2>\n<p>[\/et_pb_text][et_pb_text admin_label=&#8221;Testo&#8221; _builder_version=&#8221;4.20.1&#8243; hover_enabled=&#8221;0&#8243; global_colors_info=&#8221;{}&#8221; sticky_enabled=&#8221;0&#8243;]<\/p>\n<h3> <\/h3>\n<h3>Adriano Bottaro je kreator, redatelj i srce Bottaro Production. Ro\u0111en i odrastao u Italiji, \u017eivi u svojoj usvojenoj zemlji, Austriji, vi\u0161e od 40 godina. Od samog po\u010detka bio je fasciniran slikovitom ljepotom i raznolikom povije\u0161\u0107u Austrije. Od 1990. po\u010deo je dublje posje\u0107ivati Austriju i dokumentirati je svojim produkcijama.<\/h3>\n<h3><strong>Suradnja s Gerhardom T\u00f6tschingerom<\/strong><\/h3>\n<h3>Tijekom svoje aktivnosti, Adriano Bottaro je otkrio kongenijalan glas, sposoban dokumentirati njegove osjetljive i zadivljuju\u0107e televizijske slike. Nezaboravni glumac i pisac Gerhard T\u00f6tschinger nije bio samo neprocjenjiv resurs kao glasovni glumac, ve\u0107 je tako\u0111er napisao scenarije za nekoliko vrlo uspje\u0161nih povijesnih dokumentaraca Bottaro Production. Me\u0111u njima su, primjerice, \u201cAustria Imperialis \u2013 tragovima Habsburgovaca\u201d, \u201cSissi \u2013 mit i stvarnost\u201d ili \u201cSalzkammergut\u201d.<\/h3>\n<h3><strong>&#8220;filmovi proizvedeni tako da kad ih pogledate kao da ih svi vidite prvi put&#8221;<\/strong><\/h3>\n<h3>Poseban stil dokumentarnih filmova Bottaro Production temelji se na jasnoj filozofiji: \u201cNa\u0161i filmovi uvijek se produciraju kao da sve vidite prvi put\u201d. A ako svijetom hodate otvorenih o\u010diju, brzo shvatite za\u0161to je ova filozofija toliko va\u017ena. Jer ista lokacija mo\u017ee predstavljati potpuno razli\u010dite aspekte ovisno o smjeni godi\u0161njih doba. A to stvara nove slike koje su ugodno poznate, ali i vrlo fascinantne.<\/h3>\n<h3><strong>Savr\u0161en u full HD i 4K<\/strong><\/h3>\n<h3>Adriano Bottaro ovu viziju i stil prenosi cijelom svom timu. Ovisno o projektu, radnu skupinu \u010dine iskusni scenaristi i snimatelji, ali i mladi redatelji. Me\u0111utim, u neprestanoj potrazi za savr\u0161enstvom, on uvijek \u017eeli biti prisutan kako bi osigurao kvalitetu produkcija. Snimanje je u Full HD i 4K rezoluciji.<\/h3>\n<h3><strong>Partner me\u0111unarodnih TV kanala<\/strong><\/h3>\n<h3>Bottaro Production uglavnom producira za privatne televizijske postaje u Austriji, Italiji, Sloveniji i Hrvatskoj. \u201cDuga i bliska suradnja s televizijskim postajama u raznim europskim zemljama temelji se na kvaliteti na\u0161ih dokumentaraca,\u201d obja\u0161njava Adriano Bottaro.<\/h3>\n<h3><strong>Posjetite i sami mjesta gdje su snimani dokumentarci<\/strong><\/h3>\n<h3>Ova je kvaliteta tako\u0111er prepoznata od strane kolega i certificirana na me\u0111unarodnim filmskim festivalima. Za Adriana Bottara postoji, dakle, jo\u0161 ne\u0161to zanimljivo. Za Adriana Bottara postoji, dakle, jo\u0161 ne\u0161to zanimljivo. Odnosno: \u201cGledatelji tada sami \u017eele osobno posjetiti mjesta opisana u dokumentarcima \u2013 vidjeti ih vlastitim o\u010dima!\u201d<\/h3>\n<p>[\/et_pb_text][\/et_pb_column][\/et_pb_row][\/et_pb_section]<\/p>\n","protected":false},"excerpt":{"rendered":"<p>Adresse Bottaro ProductionBottaro GmbH &amp; Co KGSeeuferstrasse 879520 ANNENHEIMAUSTRIAE-Mail info@bottaro.comO NAMA &nbsp; &nbsp; &nbsp; Adriano Bottaro je kreator, redatelj i srce Bottaro Production. Ro\u0111en i odrastao u Italiji, \u017eivi u svojoj usvojenoj zemlji, Austriji, vi\u0161e od 40 godina. Od samog po\u010detka bio je fasciniran slikovitom ljepotom i raznolikom povije\u0161\u0107u Austrije. Od 1990. po\u010deo je dublje [&hellip;]<\/p>\n","protected":false},"author":1,"featured_media":0,"parent":0,"menu_order":0,"comment_status":"closed","ping_status":"closed","template":"","meta":{"_et_pb_use_builder":"on","_et_pb_old_content":"","_et_gb_content_width":"","footnotes":""},"class_list":["post-2154","page","type-page","status-publish","hentry"],"_links":{"self":[{"href":"https:\/\/www.bottaro.info\/hr\/wp-json\/wp\/v2\/pages\/2154","targetHints":{"allow":["GET"]}}],"collection":[{"href":"https:\/\/www.bottaro.info\/hr\/wp-json\/wp\/v2\/pages"}],"about":[{"href":"https:\/\/www.bottaro.info\/hr\/wp-json\/wp\/v2\/types\/page"}],"author":[{"embeddable":true,"href":"https:\/\/www.bottaro.info\/hr\/wp-json\/wp\/v2\/users\/1"}],"replies":[{"embeddable":true,"href":"https:\/\/www.bottaro.info\/hr\/wp-json\/wp\/v2\/comments?post=2154"}],"version-history":[{"count":2,"href":"https:\/\/www.bottaro.info\/hr\/wp-json\/wp\/v2\/pages\/2154\/revisions"}],"predecessor-version":[{"id":2158,"href":"https:\/\/www.bottaro.info\/hr\/wp-json\/wp\/v2\/pages\/2154\/revisions\/2158"}],"wp:attachment":[{"href":"https:\/\/www.bottaro.info\/hr\/wp-json\/wp\/v2\/media?parent=2154"}],"curies":[{"name":"wp","href":"https:\/\/api.w.org\/{rel}","templated":true}]}}