{"id":2163,"date":"2023-03-10T00:30:51","date_gmt":"2023-03-09T23:30:51","guid":{"rendered":"https:\/\/www.bottaro.info\/nagrade\/"},"modified":"2023-03-10T00:30:52","modified_gmt":"2023-03-09T23:30:52","slug":"nagrade","status":"publish","type":"page","link":"https:\/\/www.bottaro.info\/hr\/nagrade\/","title":{"rendered":"Nagrade"},"content":{"rendered":"<p>[et_pb_section fb_built=&#8221;1&#8243; fullwidth=&#8221;on&#8221; admin_label=&#8221;Page Header&#8221; _builder_version=&#8221;4.19.5&#8243; background_image=&#8221;https:\/\/www.bottaro.info\/wp-content\/uploads\/2020\/03\/Drohne_Tramonto-01-B.jpg&#8221; global_module=&#8221;586&#8243; saved_tabs=&#8221;all&#8221; locked=&#8221;off&#8221; collapsed=&#8221;off&#8221; global_colors_info=&#8221;{}&#8221;][et_pb_fullwidth_header text_orientation=&#8221;center&#8221; button_one_url=&#8221;#&#8221; button_two_url=&#8221;#&#8221; disabled_on=&#8221;off|on|off&#8221; admin_label=&#8221;Hero Section&#8221; _builder_version=&#8221;4.16&#8243; title_font=&#8221;Montserrat|on|||&#8221; title_font_size=&#8221;60px&#8221; title_line_height=&#8221;1.4em&#8221; content_font_size=&#8221;22px&#8221; content_line_height=&#8221;1.8em&#8221; subhead_font=&#8221;||||&#8221; background_color=&#8221;rgba(255,255,255,0)&#8221; custom_button_one=&#8221;on&#8221; button_one_text_size=&#8221;12px&#8221; button_one_border_width=&#8221;2px&#8221; button_one_border_color=&#8221;#6eba01&#8243; button_one_border_radius=&#8221;0&#8243; button_one_letter_spacing=&#8221;0px&#8221; button_one_font=&#8221;Montserrat|||on|&#8221; button_one_use_icon=&#8221;off&#8221; button_one_custom_margin=&#8221;80px||||false|false&#8221; custom_button_two=&#8221;on&#8221; button_two_text_size=&#8221;16px&#8221; button_two_border_width=&#8221;2px&#8221; button_two_border_color=&#8221;#ffffff&#8221; button_two_border_radius=&#8221;0&#8243; button_two_letter_spacing=&#8221;2&#8243; button_two_font=&#8221;Montserrat|||on|&#8221; button_two_use_icon=&#8221;off&#8221; module_alignment=&#8221;left&#8221; min_height=&#8221;406px&#8221; custom_margin=&#8221;|||&#8221; custom_padding=&#8221;38px||369px|||&#8221; animation_style=&#8221;fade&#8221; button_one_text_color_hover=&#8221;#6eba01&#8243; button_two_text_color_hover=&#8221;#6eba01&#8243; button_one_border_color_hover=&#8221;#ffffff&#8221; button_two_border_color_hover=&#8221;#ffffff&#8221; button_one_border_radius_hover=&#8221;0&#8243; button_two_border_radius_hover=&#8221;0&#8243; button_one_letter_spacing_hover=&#8221;2&#8243; button_two_letter_spacing_hover=&#8221;2&#8243; button_one_bg_color_hover=&#8221;#ffffff&#8221; button_two_bg_color_hover=&#8221;#ffffff&#8221; locked=&#8221;off&#8221; global_colors_info=&#8221;{}&#8221; button_one_text_size__hover_enabled=&#8221;off&#8221; button_two_text_size__hover_enabled=&#8221;off&#8221; button_one_text_color__hover_enabled=&#8221;on&#8221; button_one_text_color__hover=&#8221;#6eba01&#8243; button_two_text_color__hover_enabled=&#8221;on&#8221; button_two_text_color__hover=&#8221;#6eba01&#8243; button_one_border_width__hover_enabled=&#8221;off&#8221; button_two_border_width__hover_enabled=&#8221;off&#8221; button_one_border_color__hover_enabled=&#8221;on&#8221; button_one_border_color__hover=&#8221;#ffffff&#8221; button_two_border_color__hover_enabled=&#8221;on&#8221; button_two_border_color__hover=&#8221;#ffffff&#8221; button_one_border_radius__hover_enabled=&#8221;on&#8221; button_one_border_radius__hover=&#8221;0&#8243; button_two_border_radius__hover_enabled=&#8221;on&#8221; button_two_border_radius__hover=&#8221;0&#8243; button_one_letter_spacing__hover_enabled=&#8221;on&#8221; button_one_letter_spacing__hover=&#8221;2&#8243; button_two_letter_spacing__hover_enabled=&#8221;on&#8221; button_two_letter_spacing__hover=&#8221;2&#8243; button_one_bg_color__hover_enabled=&#8221;on&#8221; button_one_bg_color__hover=&#8221;#ffffff&#8221; button_two_bg_color__hover_enabled=&#8221;on&#8221; button_two_bg_color__hover=&#8221;#ffffff&#8221;][\/et_pb_fullwidth_header][\/et_pb_section][et_pb_section fb_built=&#8221;1&#8243; admin_label=&#8221;Services&#8221; _builder_version=&#8221;4.16&#8243; background_color=&#8221;#1fd7e0&#8243; min_height=&#8221;1156px&#8221; custom_margin=&#8221;||-6px|||&#8221; custom_padding=&#8221;1px|0px|75px|0px||&#8221; locked=&#8221;off&#8221; collapsed=&#8221;off&#8221; global_colors_info=&#8221;{}&#8221;][et_pb_row _builder_version=&#8221;4.16&#8243; background_size=&#8221;initial&#8221; background_position=&#8221;top_left&#8221; background_repeat=&#8221;repeat&#8221; custom_margin=&#8221;8px|auto||auto||&#8221; custom_padding=&#8221;|||&#8221; global_colors_info=&#8221;{}&#8221;][et_pb_column type=&#8221;4_4&#8243; _builder_version=&#8221;4.16&#8243; background_position=&#8221;top_left&#8221; custom_padding=&#8221;|||&#8221; global_colors_info=&#8221;{}&#8221; custom_padding__hover=&#8221;|||&#8221;][et_pb_text _builder_version=&#8221;4.16&#8243; custom_padding=&#8221;3px|||||&#8221; global_colors_info=&#8221;{}&#8221;]<\/p>\n<h1 style=\"text-align: center;\"><span style=\"color: #990000;\"><strong>Po\u010dasti i cijene<\/strong><\/span><\/h1>\n<p>[\/et_pb_text][\/et_pb_column][\/et_pb_row][et_pb_row column_structure=&#8221;1_4,3_4&#8243; admin_label=&#8221;Impressum&#8221; _builder_version=&#8221;4.16&#8243; collapsed=&#8221;off&#8221; global_colors_info=&#8221;{}&#8221;][et_pb_column type=&#8221;1_4&#8243; _builder_version=&#8221;4.16&#8243; global_colors_info=&#8221;{}&#8221;][et_pb_image src=&#8221;https:\/\/www.bottaro.info\/wp-content\/uploads\/2020\/03\/Unbenannt-1.png&#8221; _builder_version=&#8221;4.16&#8243; custom_margin=&#8221;-10px||||false|false&#8221; global_colors_info=&#8221;{}&#8221;][\/et_pb_image][\/et_pb_column][et_pb_column type=&#8221;3_4&#8243; _builder_version=&#8221;4.16&#8243; global_colors_info=&#8221;{}&#8221;][et_pb_text admin_label=&#8221;Impressum&#8221; _builder_version=&#8221;4.20.1&#8243; custom_padding=&#8221;0px|||||&#8221; hover_enabled=&#8221;0&#8243; global_colors_info=&#8221;{}&#8221; sticky_enabled=&#8221;0&#8243;]<\/p>\n<h2 style=\"text-align: left;\"><strong style=\"font-size: 22px; text-align: left;\">Adriano Bottaro dobio je pohvale kriti\u010dara za svoj rad kao producent i redatelj. Ovdje je sa\u017eetak nagrada i nominacija koje je dobio od 2009. do 2019. godine. <\/strong><\/h2>\n<h3><strong> <\/strong><strong style=\"font-size: 22px;\"> <\/strong><\/h3>\n<h3 class=\"headline_longer\"><strong>22. International Tourfilm Festival ITF&#8217;CRO Solin &#8211; Croatia<\/strong><\/h3>\n<h3 class=\"text\">Najbolji film u svojoj kategoriji<br \/>Dobitnik za dokumentarni film \u201cTOP izleti\u0161ta u Tirolu\u201d<br \/>13. &#8211; 15.11.2019<\/h3>\n<h3 class=\"text\"> <\/h3>\n<hr>\n<h3 class=\"text\"><strong>20. International Tourfilm Festival ITF&#8217;CRO Solin &#8211; Croatia<\/strong><\/h3>\n<h3 class=\"text\">Za najbolji dokumentarni film filmskog festivala sa stajali\u0161ta tradicije, duhovne, povijesne, visoke kulturne vrijednosti re\u017eije<br \/>za dokumentarni film \u201cSamostan sv. Florijana\u201d<br \/>08. &#8211; 11.11.2017<\/h3>\n<h3 class=\"text\"> <\/h3>\n<hr>\n<h3 class=\"text\"><strong style=\"font-size: 22px;\">11th International JAHORINA FILM FESTIVAL 2017 Pale &#8211; Bosnia and Herzegovina<\/strong><\/h3>\n<h3 class=\"text\">Posebna nagrada za izvanrednu prezentaciju austrijske kulturne ba\u0161tine<br \/>za dokumentarni film \u201cSamostan sv. Florijana\u201d<br \/>20. &#8211; 23.09.2017<\/h3>\n<h3 class=\"text\"> <\/h3>\n<hr>\n<h3 class=\"text\"><strong style=\"font-size: 22px;\">VI ARR\u00c1BIDA film art &amp; tourism festival FINISTERRA &#8211; Sesimbra &#8211; Portogallo<\/strong><\/h3>\n<h3 class=\"text\">2. NAGRADA Film vjerskog turizma \u2013 Finisterra 2017<br \/>za dokumentarni film \u201cSamostan sv. Florijana\u201d<br \/>23. &#8211; 26.05.2017<\/h3>\n<h3 class=\"text\"> <\/h3>\n<hr>\n<h3 class=\"text\"><strong style=\"font-size: 22px;\">8th International Festival of Environmental and Tourist Film Pale &#8211; Bosnia<\/strong><\/h3>\n<h3 class=\"text\">GRAND PRIX za najbolji film na festivalu<br \/>za dokumentarni film \u201cAdventska svjetla \u2013 Tirol\u201d<br \/>01.-04.10. 2014<\/h3>\n<h3 class=\"text\"> <\/h3>\n<hr>\n<h3 class=\"text\"><strong style=\"font-size: 22px;\">17. International Tourfilm Festival ITF&#8217;CRO Solin &#8211; Croatia<\/strong><\/h3>\n<h3 class=\"text\">Najbolji film u svojoj kategoriji<br \/>za dokumentarni film &#8220;Svjetla adventa &#8211; Tirol&#8221;<br \/>05. &#8211; 08.11.2014<\/h3>\n<h3 class=\"text\"> <\/h3>\n<hr>\n<h3 class=\"text\"><strong style=\"font-size: 22px;\">International Festival MEFEST of Tourist, Ecology, Sports and Culinary Films &#8211; Srbija<\/strong><\/h3>\n<h3 class=\"text\">XVII Grand Prix &#8211; Gavrilo Azinovic<br \/>Posebna nagrada za dokumentarni film \u201cBijeli snijeg Austrija\u201d<br \/>08.-14.07. 2013<\/h3>\n<h3 class=\"text\"> <\/h3>\n<hr>\n<h3 class=\"text\"><strong style=\"font-size: 22px;\">51\u00b0 International Tourfilm Festival Gran Prix Italia \u2013 Lecce<\/strong><\/h3>\n<h3 class=\"text\">Dobitnik za dokumentarni film &#8220;Tirol Mitte &#8211; Mieminger Plateau&#8221;<br \/>&#8220;Grand Prix for the Tourism Hospitality&#8221;<\/h3>\n<h3 class=\"text\">19.-23.06. 2013<\/h3>\n<h3 class=\"text\"> <\/h3>\n<hr>\n<h3 class=\"text\"><strong style=\"font-size: 22px;\">15\u00b0 Jubilee International Tourfilm Festival ITF\u2019CRO 2012 in Solin \u2013 Croatia<\/strong><\/h3>\n<h3 class=\"text\">Nagra\u0111en za najbolju re\u017eiju za dokumentarac \u201cJezera i planine &#8211; Koru\u0161ka &#8211; \u017eelja za \u017eivotom\u201d<\/h3>\n<h3 class=\"text\">10.-13.10. 2012<\/h3>\n<h3 class=\"text\"> <\/h3>\n<hr>\n<h3 class=\"text\"><strong style=\"font-size: 22px;\">6th International Jahorina Film Festival of Environmental and Tourist Film in Pale &#8211; Bosnia H.<\/strong><\/h3>\n<h3 class=\"text\">Nagra\u0111en za dokumentarni film \u201cJezera i planine &#8211; Koru\u0161ka &#8211; \u017eelja za \u017eivotom\u201d<\/h3>\n<h3>\u201cPOSEBNA NAGRADA za jedinstvenu prezentaciju turisti\u010dkih destinacija filmu\u201d<\/h3>\n<h3 class=\"text\">26.-30.09. 2012<\/h3>\n<h3 class=\"text\"> <\/h3>\n<hr>\n<h3 class=\"text\"><strong style=\"font-size: 22px;\">The International Art, Ecology and Tourism Film Festival DOCUMENT.ART in Pitesti &#8211; Romania<\/strong><\/h3>\n<h3 class=\"text\">Nagra\u0111en za dokumentarni film \u201cJezera i planine &#8211; Koru\u0161ka &#8211; \u017eelja za \u017eivotom\u201d<\/h3>\n<h3>&#8220;nagrada za dokumentarni film koji promi\u010de turizam regije&#8221;<\/h3>\n<h3 class=\"text\">27.-29.09. 2012<\/h3>\n<h3 class=\"text\"> <\/h3>\n<hr>\n<h3 class=\"text\"><strong style=\"font-size: 22px;\">The International Festival of Tourist and Ecology films SILAFEST2012 Veliko Gradiste &#8211; Serbia<\/strong><\/h3>\n<h3 class=\"text\">Nagra\u0111en za dokumentarni film \u201cJezera i planine &#8211; Koru\u0161ka &#8211; \u017eelja za \u017eivotom\u201d<\/h3>\n<h3>\u201cPlavi Dunav \u2013 POSEBAN PRISTUP TURISTI\u010cKOM FILMU\u201d<\/h3>\n<h3 class=\"text\">2.-8.09. 2012<\/h3>\n<h3 class=\"text\"> <\/h3>\n<hr>\n<h3 class=\"text\"><strong style=\"font-size: 22px;\">50th Anniversary &#8211; International Tourfilm Festival 2012 Lecce &#8211; Italia<\/strong><\/h3>\n<h3 class=\"text\">Nagra\u0111en za dokumentarni film \u201cJezera i planine &#8211; Koru\u0161ka &#8211; \u017eelja za \u017eivotom\u201d<br \/>\u201cGrand Prix Italia za najbolji turisti\u010dki film\u201d<\/h3>\n<h3 class=\"text\">20.-23.06. 2012<\/h3>\n<h3 class=\"text\"> <\/h3>\n<hr>\n<h3 class=\"text\"><strong style=\"font-size: 22px;\">47\u00b0 International Film Festival Tour Gran Prix Lecce &#8211; Italia<\/strong><\/h3>\n<h3 class=\"text\">Nagra\u0111en za dokumentarni film \u201cAdvent in Tirolo\u201d<\/h3>\n<h3 class=\"text\">29.5. 2011<\/h3>\n<h3 class=\"text\"> <\/h3>\n<hr>\n<h3 class=\"text\"><strong style=\"font-size: 22px;\">International Jahorina Eco&amp;Turfilm Festival in Pale \u2013 Jahorina \u2013 Bosnien und Herzegowina<\/strong><\/h3>\n<h3 class=\"text\">Nagra\u0111en za najbolju re\u017eiju za dokumentarac &#8220;Avvento in tirolo&#8221;<\/h3>\n<h3 class=\"text\">29.11. &#8211; 2.12. 2010<\/h3>\n<h3 class=\"text\"> <\/h3>\n<h3 class=\"text\"> <\/h3>\n<hr>\n<h3><strong style=\"font-size: 22px;\">46\u00b0 International Tourfilm Festival \u2013 Lecce<\/strong><\/h3>\n<h3>NAGRADE 2010. za \u017eivotno djelo<\/h3>\n<h3>27.5.2010<\/h3>\n<h3> <\/h3>\n<hr>\n<h3><strong style=\"font-size: 22px;\">46\u00b0 International Tourfilm Festival Gran Prix Italia \u2013 Lecce<\/strong><\/h3>\n<h3 class=\"text\">Nagra\u0111en za dokumentarni film <span class=\"text\">&#8220;Stift Lambach\u201c<\/span><\/h3>\n<h3>29.5.2010<\/h3>\n<h3> <\/h3>\n<hr>\n<h3><strong style=\"font-size: 22px;\">The International Festival of Tourist and Ecology films SILAFEST2010 in Veliko Gradiste &#8211; Serbia<\/strong><\/h3>\n<h3>\u201cThe Blue Danube- Best Religious Tourist Film\u201d<\/h3>\n<h3 class=\"text\">Nagra\u0111en za dokumentarni film <span class=\"text\">&#8220;Stift Lambach\u201c<\/span><\/h3>\n<h3>3.9.2010.<\/h3>\n<h3> <\/h3>\n<hr>\n<h3><strong style=\"font-size: 22px;\">Golden Peak 2010 St. Petersburg \u2013 Russia<\/strong><\/h3>\n<h3>&#8220;The best Film of Pilgrim Tourism for the documentary&#8221;<\/h3>\n<h3 class=\"text\">Ausgezeichnet f\u00fcr den Dokumentarfilm &#8220;<span class=\"text\">Stift Lambach\u201c<\/span><\/h3>\n<h3>2.10.2010.<\/h3>\n<h3> <\/h3>\n<hr>\n<h3><strong style=\"font-size: 22px;\">14th Edition of The International Film Festival &#8220;Document.art&#8221; Rumunjska \u2013 Otopeni<\/strong><\/h3>\n<h3>\u201cSPECIAL MENTION FOR TOURISM DOCUMENTARY \u201c<\/h3>\n<h3 class=\"text\">Nagra\u0111en za dokumentarni film &#8220;Advento in Tirol&#8221;<\/h3>\n<h3>2.10.2010.<\/h3>\n<h3> <\/h3>\n<hr>\n<h3><strong style=\"font-size: 22px;\">13. International Tourismus Filmfestival ITF&amp;CRO 2010 Split\/Solin Croatia<\/strong><\/h3>\n<h3 class=\"text\">Nagra\u0111en za dokumentarni film &#8220;Advent in Tirol&#8221;<\/h3>\n<h3>15.10. 2010<\/h3>\n<h3 class=\"text\"> <\/h3>\n<hr>\n<h3 class=\"text\"><strong>International Jahorina Eco&amp;Turfilm Festival in Pale \u2013 Jahorina \u2013 Bosnien Herzegowina<\/strong><\/h3>\n<h3 class=\"text\">Nominacija za dokumentarne filmove \u201cThermenland Steiermark\u201d i za \u201cStift Lambach\u201d<\/h3>\n<h3 class=\"text\">29.11.- 2.12. 2009<\/h3>\n<h3 class=\"text\"> <\/h3>\n<hr>\n<h3 class=\"text\"><strong>16\u00b0 International Club of Merited in Tourism 2009 in Split \u2013 Croatia<\/strong><\/h3>\n<h3 class=\"text\">Nagrada za poseban doprinos u turizmu<\/h3>\n<h3 class=\"text\">16.10.2009<\/h3>\n<h3 class=\"text\"> <\/h3>\n<hr>\n<h3 class=\"text\"><strong>12\u00b0 International Tourfilm Festival ITF\u2019CRO 2009 in Split \u2013 Croatia<\/strong><\/h3>\n<h3 class=\"text\">Nagra\u0111en za dokumentarni film &#8220;Stift Lambach&#8221;<\/h3>\n<h3 class=\"text\">16.10.2009<\/h3>\n<h3 class=\"text\"> <\/h3>\n<hr>\n<h3 class=\"text\"><strong style=\"font-size: 22px;\">The First International festival of Tourist and Ecology films SILAFEST in Veliko Gradiste \u2013 Serbia<\/strong><\/h3>\n<h3 class=\"text\">Nominacija za dokumentarni film \u201cThermenland Steiermark\u201d<\/h3>\n<h3 class=\"text\">30.08. \u2013 5.09. 2009<\/h3>\n<h3 class=\"text\"> <\/h3>\n<hr>\n<h3 class=\"text\"><strong style=\"font-size: 22px;\">2\u00b0 Festival Internacional de Filmes de Turismo ART&amp;TUR 2009 in Barcelos \u2013 Portugal<\/strong><\/h3>\n<h3 class=\"text\">Nominacija za dokumentarni film \u201cThermenland Steiermark\u201d<\/h3>\n<h3 class=\"text\">23. &#8211; 27.09. 2009<\/h3>\n<h3 class=\"text\"> <\/h3>\n<hr>\n<h3 class=\"text\"><strong>1\u00b0 International Tour &amp; Religious Filmfestival CARAIMANFEST 2009 Busteni Romania<\/strong><\/h3>\n<h3 class=\"text\">Nagra\u0111en za dokumentarni film &#8220;Stift Lambach&#8221;<\/h3>\n<h3 class=\"text\">30.05.2009<\/h3>\n<p>[\/et_pb_text][\/et_pb_column][\/et_pb_row][et_pb_row column_structure=&#8221;1_4,3_4&#8243; _builder_version=&#8221;4.16&#8243; global_colors_info=&#8221;{}&#8221;][et_pb_column type=&#8221;1_4&#8243; _builder_version=&#8221;4.16&#8243; global_colors_info=&#8221;{}&#8221;][et_pb_divider show_divider=&#8221;off&#8221; _builder_version=&#8221;4.16&#8243; global_colors_info=&#8221;{}&#8221;][\/et_pb_divider][\/et_pb_column][et_pb_column type=&#8221;3_4&#8243; _builder_version=&#8221;4.16&#8243; global_colors_info=&#8221;{}&#8221;][et_pb_divider color=&#8221;#000000&#8243; divider_weight=&#8221;2px&#8221; _builder_version=&#8221;4.16&#8243; global_colors_info=&#8221;{}&#8221;][\/et_pb_divider][\/et_pb_column][\/et_pb_row][\/et_pb_section]<\/p>\n","protected":false},"excerpt":{"rendered":"<p>Po\u010dasti i cijeneAdriano Bottaro dobio je pohvale kriti\u010dara za svoj rad kao producent i redatelj. Ovdje je sa\u017eetak nagrada i nominacija koje je dobio od 2009. do 2019. godine. 22. International Tourfilm Festival ITF&#8217;CRO Solin &#8211; Croatia Najbolji film u svojoj kategorijiDobitnik za dokumentarni film \u201cTOP izleti\u0161ta u Tirolu\u201d13. &#8211; 15.11.2019 20. International Tourfilm Festival [&hellip;]<\/p>\n","protected":false},"author":1,"featured_media":0,"parent":0,"menu_order":0,"comment_status":"closed","ping_status":"closed","template":"","meta":{"_et_pb_use_builder":"on","_et_pb_old_content":"","_et_gb_content_width":"","footnotes":""},"class_list":["post-2163","page","type-page","status-publish","hentry"],"_links":{"self":[{"href":"https:\/\/www.bottaro.info\/hr\/wp-json\/wp\/v2\/pages\/2163","targetHints":{"allow":["GET"]}}],"collection":[{"href":"https:\/\/www.bottaro.info\/hr\/wp-json\/wp\/v2\/pages"}],"about":[{"href":"https:\/\/www.bottaro.info\/hr\/wp-json\/wp\/v2\/types\/page"}],"author":[{"embeddable":true,"href":"https:\/\/www.bottaro.info\/hr\/wp-json\/wp\/v2\/users\/1"}],"replies":[{"embeddable":true,"href":"https:\/\/www.bottaro.info\/hr\/wp-json\/wp\/v2\/comments?post=2163"}],"version-history":[{"count":2,"href":"https:\/\/www.bottaro.info\/hr\/wp-json\/wp\/v2\/pages\/2163\/revisions"}],"predecessor-version":[{"id":2167,"href":"https:\/\/www.bottaro.info\/hr\/wp-json\/wp\/v2\/pages\/2163\/revisions\/2167"}],"wp:attachment":[{"href":"https:\/\/www.bottaro.info\/hr\/wp-json\/wp\/v2\/media?parent=2163"}],"curies":[{"name":"wp","href":"https:\/\/api.w.org\/{rel}","templated":true}]}}