{"id":1319,"date":"2020-03-22T23:43:51","date_gmt":"2020-03-22T22:43:51","guid":{"rendered":"https:\/\/www.bottaro.info\/chi-siamo\/"},"modified":"2023-03-08T14:24:10","modified_gmt":"2023-03-08T13:24:10","slug":"ueber-uns","status":"publish","type":"page","link":"https:\/\/www.bottaro.info\/it\/ueber-uns\/","title":{"rendered":"\u00dcber uns"},"content":{"rendered":"<p>[et_pb_section fb_built=&#8221;1&#8243; fullwidth=&#8221;on&#8221; admin_label=&#8221;Page Header&#8221; _builder_version=&#8221;4.19.5&#8243; background_image=&#8221;https:\/\/www.bottaro.info\/wp-content\/uploads\/2020\/03\/Drohne_Tramonto-01-B.jpg&#8221; global_module=&#8221;586&#8243; saved_tabs=&#8221;all&#8221; locked=&#8221;off&#8221; collapsed=&#8221;off&#8221; global_colors_info=&#8221;{}&#8221;][et_pb_fullwidth_header text_orientation=&#8221;center&#8221; button_one_url=&#8221;#&#8221; button_two_url=&#8221;#&#8221; disabled_on=&#8221;off|on|off&#8221; admin_label=&#8221;Hero Section&#8221; _builder_version=&#8221;4.16&#8243; title_font=&#8221;Montserrat|on|||&#8221; title_font_size=&#8221;60px&#8221; title_line_height=&#8221;1.4em&#8221; content_font_size=&#8221;22px&#8221; content_line_height=&#8221;1.8em&#8221; subhead_font=&#8221;||||&#8221; background_color=&#8221;rgba(255,255,255,0)&#8221; custom_button_one=&#8221;on&#8221; button_one_text_size=&#8221;12px&#8221; button_one_border_width=&#8221;2px&#8221; button_one_border_color=&#8221;#6eba01&#8243; button_one_border_radius=&#8221;0&#8243; button_one_letter_spacing=&#8221;0px&#8221; button_one_font=&#8221;Montserrat|||on|&#8221; button_one_use_icon=&#8221;off&#8221; button_one_custom_margin=&#8221;80px||||false|false&#8221; custom_button_two=&#8221;on&#8221; button_two_text_size=&#8221;16px&#8221; button_two_border_width=&#8221;2px&#8221; button_two_border_color=&#8221;#ffffff&#8221; button_two_border_radius=&#8221;0&#8243; button_two_letter_spacing=&#8221;2&#8243; button_two_font=&#8221;Montserrat|||on|&#8221; button_two_use_icon=&#8221;off&#8221; module_alignment=&#8221;left&#8221; min_height=&#8221;406px&#8221; custom_margin=&#8221;|||&#8221; custom_padding=&#8221;38px||369px|||&#8221; animation_style=&#8221;fade&#8221; button_one_text_color_hover=&#8221;#6eba01&#8243; button_two_text_color_hover=&#8221;#6eba01&#8243; button_one_border_color_hover=&#8221;#ffffff&#8221; button_two_border_color_hover=&#8221;#ffffff&#8221; button_one_border_radius_hover=&#8221;0&#8243; button_two_border_radius_hover=&#8221;0&#8243; button_one_letter_spacing_hover=&#8221;2&#8243; button_two_letter_spacing_hover=&#8221;2&#8243; button_one_bg_color_hover=&#8221;#ffffff&#8221; button_two_bg_color_hover=&#8221;#ffffff&#8221; locked=&#8221;off&#8221; global_colors_info=&#8221;{}&#8221; button_one_text_size__hover_enabled=&#8221;off&#8221; button_two_text_size__hover_enabled=&#8221;off&#8221; button_one_text_color__hover_enabled=&#8221;on&#8221; button_one_text_color__hover=&#8221;#6eba01&#8243; button_two_text_color__hover_enabled=&#8221;on&#8221; button_two_text_color__hover=&#8221;#6eba01&#8243; button_one_border_width__hover_enabled=&#8221;off&#8221; button_two_border_width__hover_enabled=&#8221;off&#8221; button_one_border_color__hover_enabled=&#8221;on&#8221; button_one_border_color__hover=&#8221;#ffffff&#8221; button_two_border_color__hover_enabled=&#8221;on&#8221; button_two_border_color__hover=&#8221;#ffffff&#8221; button_one_border_radius__hover_enabled=&#8221;on&#8221; button_one_border_radius__hover=&#8221;0&#8243; button_two_border_radius__hover_enabled=&#8221;on&#8221; button_two_border_radius__hover=&#8221;0&#8243; button_one_letter_spacing__hover_enabled=&#8221;on&#8221; button_one_letter_spacing__hover=&#8221;2&#8243; button_two_letter_spacing__hover_enabled=&#8221;on&#8221; button_two_letter_spacing__hover=&#8221;2&#8243; button_one_bg_color__hover_enabled=&#8221;on&#8221; button_one_bg_color__hover=&#8221;#ffffff&#8221; button_two_bg_color__hover_enabled=&#8221;on&#8221; button_two_bg_color__hover=&#8221;#ffffff&#8221;][\/et_pb_fullwidth_header][\/et_pb_section][et_pb_section fb_built=&#8221;1&#8243; _builder_version=&#8221;4.16&#8243; background_color=&#8221;#1fd7e0&#8243; background_enable_image=&#8221;off&#8221; min_height=&#8221;367px&#8221; custom_padding=&#8221;0px||27px|||&#8221; collapsed=&#8221;off&#8221; global_colors_info=&#8221;{}&#8221;][et_pb_row column_structure=&#8221;2_5,3_5&#8243; _builder_version=&#8221;4.16&#8243; custom_padding=&#8221;23px|||||&#8221; collapsed=&#8221;off&#8221; global_colors_info=&#8221;{}&#8221;][et_pb_column type=&#8221;2_5&#8243; _builder_version=&#8221;4.16&#8243; global_colors_info=&#8221;{}&#8221;][et_pb_text admin_label=&#8221;Contatto&#8221; _builder_version=&#8221;4.16&#8243; global_colors_info=&#8221;{}&#8221;][\/et_pb_text][et_pb_image src=&#8221;https:\/\/www.bottaro.info\/wp-content\/uploads\/2020\/03\/Unbenannt-1.png&#8221; _builder_version=&#8221;4.16&#8243; global_colors_info=&#8221;{}&#8221;][\/et_pb_image][et_pb_text admin_label=&#8221;Info&#8221; _builder_version=&#8221;4.16&#8243; custom_margin=&#8221;|||30px|false|false&#8221; global_colors_info=&#8221;{}&#8221;]<\/p>\n<p><strong style=\"color: #333333; font-size: 26px;\">Adresse<\/strong><\/p>\n<h2>Bottaro Production<br \/>Bottaro GmbH &amp; Co KG<br \/>Seeuferstrasse 87<br \/>9520 ANNENHEIM<br \/>AUSTRIA<\/h2>\n<p>[\/et_pb_text][et_pb_text admin_label=&#8221;Mail&#8221; _builder_version=&#8221;4.16&#8243; custom_margin=&#8221;|||30px|false|false&#8221; global_colors_info=&#8221;{}&#8221;]<\/p>\n<h2><strong>E-Mail\u00a0<\/strong><\/h2>\n<h2>info@bottaro.com<\/h2>\n<p>[\/et_pb_text][\/et_pb_column][et_pb_column type=&#8221;3_5&#8243; _builder_version=&#8221;4.16&#8243; global_colors_info=&#8221;{}&#8221;][et_pb_text admin_label=&#8221;Web&#8221; _builder_version=&#8221;4.16&#8243; custom_margin=&#8221;||-30px||false|false&#8221; global_colors_info=&#8221;{}&#8221;]<\/p>\n<h1 style=\"text-align: left;\"><span style=\"color: #990000;\"><strong><span style=\"color: #99 0000;\">\u00dcBER UNS<\/span><\/strong><\/span><\/h1>\n<p>&nbsp;<\/p>\n<h2>\u00a0<\/h2>\n<p>[\/et_pb_text][et_pb_text admin_label=&#8221;Web&#8221; _builder_version=&#8221;4.16&#8243; custom_margin=&#8221;||-30px||false|false&#8221; global_colors_info=&#8221;{}&#8221;]<\/p>\n<p>&nbsp;<\/p>\n<p>&nbsp;<\/p>\n<h2>\u00a0<\/h2>\n<p>[\/et_pb_text][et_pb_text admin_label=&#8221;Testo&#8221; _builder_version=&#8221;4.20.1&#8243; hover_enabled=&#8221;0&#8243; global_colors_info=&#8221;{}&#8221; sticky_enabled=&#8221;0&#8243;]<\/p>\n<h3>\u00a0<\/h3>\n<h3>Adriano Bottaro ist Kopf und Herz von Bottaro Production. In Italien geboren und aufgewachsen lebt er seit \u00fcber 40 Jahren in seiner Wahlheimat \u00d6sterreich. Von Anfang an haben ihn die landschaftliche Sch\u00f6nheit und die vielseitige Geschiche \u00d6sterreichs fasziniert. Im Jahr 1990 begann er schlie\u00dflich mit der filmischen \u201eVermessung\u201c \u00d6sterreichs.<\/h3>\n<h3><strong>Zusammenarbeit mit Gerhard T\u00f6tschinger<\/strong><\/h3>\n<h3>Schon nach kurzer Zeit fand er eine kongeniale Stimme f\u00fcr seine einf\u00fchlsamen und fesselnden TV-Bilder. Der unvergessliche Schauspieler und Schriftsteller Gerhard T\u00f6tschinger war aber nicht nur als Synchronsprecher ein unsch\u00e4tzbarer Gewinn. Er verfasste auch die Drehb\u00fccher f\u00fcr mehrere sehr erfolgreiche historische Dokumentationen von Bottaro Production. Dazu z\u00e4hlen etwa \u201eAustria Imperialis &#8211; Auf den Spuren der Habsburger\u201c, \u201eSisi &#8211; Mythos und Realit\u00e4t\u201c, oder \u201eDas Salzkammergut\u201c.<\/h3>\n<h3><strong>&#8220;Filme immer so, als w\u00fcrdest du alles zum ersten Mal sehen&#8221;<\/strong><\/h3>\n<h3>Dem besonderen Stil der Dokumentarfilme von Bottaro Production liegt eine klare Philosophie zugrunde: \u201eFilme immer so, als w\u00fcrdest du alles zum ersten Mal sehen\u201c. Und wer mit offenen Augen durch die Welt geht, erkennt auch schnell, warum das so wichtig ist. Denn ein und derselbe Ort kann je nach Jahreszeit v\u00f6llig unterschiedliche Gesichter haben. So entstehen zum einen zwar angenehm vertraute, aber auch faszinierende neue Bilder.<\/h3>\n<h3><strong>Perfektionist in Full-HD und 4k<\/strong><\/h3>\n<h3>Dieses Credo vermittelt Adriano Bottaro seinem ganzen Team. Je nach Projekt geh\u00f6ren dazu erfahrene Drehbuchautoren und Kameraleute, aber immer wieder auch junge Filmschaffende. Perfektionist der er ist, ist er aber dennoch immer am liebsten selbst an jedem Drehort. Gefilmt wird in Full-HD und 4k.<\/h3>\n<h3><strong>Partner internationaler TV-Sender<\/strong><\/h3>\n<h3>Bottaro Production produziert vor allem f\u00fcr private TV-Sender in \u00d6sterreich, Italien, Slowenien und Kroatien. \u201eDie langj\u00e4hrige und enge Partnerschaft mit TV-Stationen in verschiedenen europ\u00e4ischen L\u00e4ndern beruht auf der Qualit\u00e4t unserer Dokumentationen\u201c, erkl\u00e4rt Adriano Bottaro.<\/h3>\n<h3><strong>Die Drehorte einmal selbst besuchen<\/strong><\/h3>\n<h3>Dies beweist auch die Anerkennung von Kollegen und bei internationalen Filmfestivals. Bottaro selbst macht aber etwas ganz anderes am meisten Freude. Und zwar: \u201eWenn die TV-Zuschauer die Drehorte einmal selbst besuchen wollen \u2013 um sie mit eigenen Augen zu sehen!\u201c<\/h3>\n<p>[\/et_pb_text][\/et_pb_column][\/et_pb_row][\/et_pb_section]<\/p>\n","protected":false},"excerpt":{"rendered":"<p>Adresse Bottaro ProductionBottaro GmbH &amp; Co KGSeeuferstrasse 879520 ANNENHEIMAUSTRIAE-Mail\u00a0 info@bottaro.com\u00dcBER UNS &nbsp; \u00a0&nbsp; &nbsp; \u00a0\u00a0 Adriano Bottaro ist Kopf und Herz von Bottaro Production. In Italien geboren und aufgewachsen lebt er seit \u00fcber 40 Jahren in seiner Wahlheimat \u00d6sterreich. Von Anfang an haben ihn die landschaftliche Sch\u00f6nheit und die vielseitige Geschiche \u00d6sterreichs fasziniert. Im Jahr [&hellip;]<\/p>\n","protected":false},"author":1,"featured_media":0,"parent":0,"menu_order":0,"comment_status":"closed","ping_status":"closed","template":"","meta":{"_et_pb_use_builder":"on","_et_pb_old_content":"<!-- wp:paragraph -->\r\n<p>M\u00f6glicherweise bist du k\u00fcnstlerisch t\u00e4tig und m\u00f6chtest dich und deine Arbeiten hier vorstellen. Oder hast du vielleicht ein Business mit einer Mission, die es zu beschreiben gilt?<\/p>\r\n<!-- \/wp:paragraph -->","_et_gb_content_width":"","footnotes":""},"class_list":["post-1319","page","type-page","status-publish","hentry"],"_links":{"self":[{"href":"https:\/\/www.bottaro.info\/it\/wp-json\/wp\/v2\/pages\/1319","targetHints":{"allow":["GET"]}}],"collection":[{"href":"https:\/\/www.bottaro.info\/it\/wp-json\/wp\/v2\/pages"}],"about":[{"href":"https:\/\/www.bottaro.info\/it\/wp-json\/wp\/v2\/types\/page"}],"author":[{"embeddable":true,"href":"https:\/\/www.bottaro.info\/it\/wp-json\/wp\/v2\/users\/1"}],"replies":[{"embeddable":true,"href":"https:\/\/www.bottaro.info\/it\/wp-json\/wp\/v2\/comments?post=1319"}],"version-history":[{"count":2,"href":"https:\/\/www.bottaro.info\/it\/wp-json\/wp\/v2\/pages\/1319\/revisions"}],"predecessor-version":[{"id":1988,"href":"https:\/\/www.bottaro.info\/it\/wp-json\/wp\/v2\/pages\/1319\/revisions\/1988"}],"wp:attachment":[{"href":"https:\/\/www.bottaro.info\/it\/wp-json\/wp\/v2\/media?parent=1319"}],"curies":[{"name":"wp","href":"https:\/\/api.w.org\/{rel}","templated":true}]}}